{"id":401,"date":"2021-11-01T11:30:50","date_gmt":"2021-11-01T11:30:50","guid":{"rendered":"https:\/\/demo.athemes.com\/sydney-main-gb\/?page_id=401"},"modified":"2026-01-15T10:14:32","modified_gmt":"2026-01-15T09:14:32","slug":"about","status":"publish","type":"page","link":"https:\/\/video-mobile.org\/RIE2026\/about\/","title":{"rendered":"A propos"},"content":{"rendered":"\n<div class=\"wp-block-group alignfull\" style=\"margin-top:0;margin-bottom:0;padding-top:var(--wp--preset--spacing--70);padding-right:var(--wp--preset--spacing--30);padding-bottom:var(--wp--preset--spacing--70);padding-left:var(--wp--preset--spacing--30)\"><div class=\"wp-block-group__inner-container is-layout-constrained wp-container-core-group-is-layout-dbb50a30 wp-block-group-is-layout-constrained\">\n<div class=\"wp-block-columns alignwide are-vertically-aligned-center is-layout-flex wp-container-core-columns-is-layout-3da6863c wp-block-columns-is-layout-flex\">\n<div class=\"wp-block-column is-vertically-aligned-center is-layout-flow wp-block-column-is-layout-flow\" style=\"flex-basis:100%\">\n<p><strong>QUI EST DERRI\u00c8RE LES RENCONTRES DE L&rsquo;INNOVATION \u00c9DITORIALE ?<\/strong><br>L&rsquo;\u00e9v\u00e9nement est propos\u00e9 et organis\u00e9 par <a href=\"https:\/\/samsa.fr\">Samsa.fr<\/a>, un organisme de formation et une soci\u00e9t\u00e9 de conseil qui accompagne les professionnel\u00b7les des m\u00e9dias, de la communication et des industries culturelles et cr\u00e9atives dans leurs transformations \u00e9ditoriales.<\/p>\n\n\n\n<p><strong>SAMSA.FR, C&rsquo;EST QUI ?<\/strong><br>Samsa.fr a \u00e9t\u00e9 fond\u00e9 en 2010 par Philippe Couve apr\u00e8s avoir \u00e9t\u00e9 journaliste pendant 20 ans. Quinze ans plus tard, Samsa.fr, c&rsquo;est une \u00e9quipe permanente de 10 personnes (Marianne Rigaux, Carole Caumont, Mathieu Martelli, Julien Le Bot, C\u00e9dric Motte, Djelissa Traor\u00e9, Julie Rabaux, Beverly Santu et Ren\u00e9 Nkowa) et un r\u00e9seau de 70 formatrices et formateurs qui mobilisent leurs expertises pour nos clients.<\/p>\n\n\n\n<p><strong>DEPUIS COMBIEN DE TEMPS EXISTE SAMSA.FR ?<\/strong><br>Samsa.fr a f\u00eat\u00e9 ses 15 ans en 2025. En 15 ans, nous sommes devenus un acteur majeur de la formation professionnelle dans le secteur des m\u00e9dias et dans le domaine de la communication, notamment pour les entreprises, organisations et institutions qui interviennent sur des sujets d&rsquo;int\u00e9r\u00eat public.<\/p>\n\n\n\n<p><strong>QUELS SONT LES DOMAINES D&rsquo;EXPERTISE DE SAMSA.FR ?<\/strong><br>Samsa.fr accompagne les transitions \u00e9ditoriales de ses clients avec des sessions de formation et des missions de conseil dans diff\u00e9rents domaines:<\/p>\n\n\n\n<ul class=\"wp-block-list\">\n<li>L&rsquo;int\u00e9gration de l&rsquo;intelligence artificielle<\/li>\n\n\n\n<li>Les nouveaux usages de votre public et la mani\u00e8re de s&rsquo;y adapter avec cr\u00e9ativit\u00e9<\/li>\n\n\n\n<li>La prise en compte du d\u00e9r\u00e8glement climatique dans vos productions<\/li>\n\n\n\n<li>La cr\u00e9ation de vid\u00e9os adapt\u00e9es \u00e0 chaque plateforme<\/li>\n\n\n\n<li>L&rsquo;interaction avec votre audience sur les r\u00e9seaux sociaux<\/li>\n\n\n\n<li>Le lancement de podcasts<\/li>\n\n\n\n<li>L&rsquo;analyse des chiffres d&rsquo;audience<\/li>\n\n\n\n<li>La pr\u00e9servation de votre sant\u00e9 mentale et de celle de vos \u00e9quipes<\/li>\n<\/ul>\n\n\n\n<p><strong>QUI SONT LES CLIENTS DE SAMSA.FR ?<\/strong><br>La liste des clients de Samsa.fr est longue. Elle rassemble des m\u00e9dias (presse, radio, TV, num\u00e9rique), des ONG, des collectivit\u00e9s (de toutes tailles), des institutions publiques, des entreprises de diff\u00e9rents secteurs et des individuel\u00b7les qui souhaitent faire \u00e9voluer leurs pratiques professionnelles.<\/p>\n\n\n\n<p>Samsa.fr intervient principalement en France, en Suisse et en Belgique mais aussi, parfois, dans d&rsquo;autres pays europ\u00e9ens. Notre filiale Samsa Africa d\u00e9veloppe le m\u00eame type d&rsquo;activit\u00e9s sur le continent africain (Afrique de l&rsquo;Ouest, Afrique centrale, Maghreb, etc).<\/p>\n\n\n\n<p><strong>QU&rsquo;EST-CE QUI POUSSE SAMSA.FR \u00c0 ORGANISER CET \u00c9V\u00c9NEMENT ?<\/strong><br>Positionn\u00e9 \u00e0 la pointe des innovations \u00e9ditoriales, Samsa.fr rencontre chaque jour des professionnel\u00b7les qui s&rsquo;interrogent, testent, exp\u00e9rimentent, d\u00e9veloppent de nouvelles mani\u00e8res de s&rsquo;adresser \u00e0 leurs audiences. Leurs initiatives sont parfois couronn\u00e9es de succ\u00e8s et toujours riches d&rsquo;enseignement. Celles et ceux qui d\u00e9frichent de nouveaux territoires ressentent fortement le besoin de partager et d&rsquo;\u00e9changer sans faux-semblants avec leurs pairs. C&rsquo;est pour permettre ces \u00e9changes que nous organisons de tels \u00e9v\u00e9nements depuis 2017.<\/p>\n\n\n\n<p><strong>EST-CE QUE SAMSA.FR EST UNE ENTREPRISE OU UNE ASSOCIATION ?<\/strong><br>Samsa.fr est une entreprise \u00e9tablie en France. Elle d\u00e9veloppe ses activit\u00e9s sans b\u00e9n\u00e9ficier d&rsquo;aucune subvention et ne repose que sur les commandes (et la satisfaction) de ses clients.<\/p>\n\n\n\n<p><strong>EST-QUE SAMSA.FR EST UN ORGANISME S\u00c9RIEUX ?<\/strong><br>Samsa.fr b\u00e9n\u00e9ficie de la certification Qualiopi en tant qu&rsquo;organisme de formation professionnelle en France. Par ailleurs, nos comptes sont certifi\u00e9s par un commissaire aux comptes.<br>Mais la meilleure garantie de s\u00e9rieux, ce sont nos clients fid\u00e8les qui nous l&rsquo;apportent.<\/p>\n<\/div>\n<\/div>\n<\/div><\/div>\n","protected":false},"excerpt":{"rendered":"<p>QUI EST DERRI\u00c8RE LES RENCONTRES DE L&rsquo;INNOVATION \u00c9DITORIALE ?L&rsquo;\u00e9v\u00e9nement est propos\u00e9 et organis\u00e9 par Samsa.fr, un organisme de formation et une soci\u00e9t\u00e9 de conseil qui accompagne les professionnel\u00b7les des m\u00e9dias, de la communication et des industries culturelles et cr\u00e9atives dans leurs transformations \u00e9ditoriales. SAMSA.FR, C&rsquo;EST QUI ?Samsa.fr a \u00e9t\u00e9 fond\u00e9 en 2010 par Philippe Couve&hellip; <br \/> <a class=\"button small blue\" href=\"https:\/\/video-mobile.org\/RIE2026\/2025\/10\/10\/bonjour-tout-le-monde\/\">Lire la suite<\/a><\/p>\n","protected":false},"author":1,"featured_media":0,"parent":0,"menu_order":0,"comment_status":"closed","ping_status":"closed","template":"","meta":{"footnotes":""},"class_list":["post-401","page","type-page","status-publish","hentry"],"yoast_head":"<!-- This site is optimized with the Yoast SEO plugin v26.8 - https:\/\/yoast.com\/product\/yoast-seo-wordpress\/ -->\n<title>A propos - Rencontres de l&#039;innovation \u00e9ditoriale 2026<\/title>\n<meta name=\"robots\" content=\"index, follow, max-snippet:-1, max-image-preview:large, max-video-preview:-1\" \/>\n<link rel=\"canonical\" href=\"https:\/\/video-mobile.org\/RIE2026\/about\/\" \/>\n<meta property=\"og:locale\" content=\"fr_FR\" \/>\n<meta property=\"og:type\" content=\"article\" \/>\n<meta property=\"og:title\" content=\"A propos - Rencontres de l&#039;innovation \u00e9ditoriale 2026\" \/>\n<meta property=\"og:description\" content=\"QUI EST DERRI\u00c8RE LES RENCONTRES DE L&rsquo;INNOVATION \u00c9DITORIALE ?L&rsquo;\u00e9v\u00e9nement est propos\u00e9 et organis\u00e9 par Samsa.fr, un organisme de formation et une soci\u00e9t\u00e9 de conseil qui accompagne les professionnel\u00b7les des m\u00e9dias, de la communication et des industries culturelles et cr\u00e9atives dans leurs transformations \u00e9ditoriales. SAMSA.FR, C&rsquo;EST QUI ?Samsa.fr a \u00e9t\u00e9 fond\u00e9 en 2010 par Philippe Couve&hellip; Lire la suite\" \/>\n<meta property=\"og:url\" content=\"https:\/\/video-mobile.org\/RIE2026\/about\/\" \/>\n<meta property=\"og:site_name\" content=\"Rencontres de l&#039;innovation \u00e9ditoriale 2026\" \/>\n<meta property=\"article:modified_time\" content=\"2026-01-15T09:14:32+00:00\" \/>\n<meta property=\"og:image\" content=\"https:\/\/video-mobile.org\/RIE2026\/wp-content\/uploads\/2025\/10\/RIE2026-logo-carre-800x800-1.png\" \/>\n\t<meta property=\"og:image:width\" content=\"800\" \/>\n\t<meta property=\"og:image:height\" content=\"800\" \/>\n\t<meta property=\"og:image:type\" content=\"image\/png\" \/>\n<meta name=\"twitter:card\" content=\"summary_large_image\" \/>\n<meta name=\"twitter:label1\" content=\"Dur\u00e9e de lecture estim\u00e9e\" \/>\n\t<meta name=\"twitter:data1\" content=\"3 minutes\" \/>\n<script type=\"application\/ld+json\" class=\"yoast-schema-graph\">{\"@context\":\"https:\/\/schema.org\",\"@graph\":[{\"@type\":\"WebPage\",\"@id\":\"https:\/\/video-mobile.org\/RIE2026\/about\/\",\"url\":\"https:\/\/video-mobile.org\/RIE2026\/about\/\",\"name\":\"A propos - Rencontres de l&#039;innovation \u00e9ditoriale 2026\",\"isPartOf\":{\"@id\":\"https:\/\/video-mobile.org\/RIE2026\/#website\"},\"datePublished\":\"2021-11-01T11:30:50+00:00\",\"dateModified\":\"2026-01-15T09:14:32+00:00\",\"breadcrumb\":{\"@id\":\"https:\/\/video-mobile.org\/RIE2026\/about\/#breadcrumb\"},\"inLanguage\":\"fr-FR\",\"potentialAction\":[{\"@type\":\"ReadAction\",\"target\":[\"https:\/\/video-mobile.org\/RIE2026\/about\/\"]}]},{\"@type\":\"BreadcrumbList\",\"@id\":\"https:\/\/video-mobile.org\/RIE2026\/about\/#breadcrumb\",\"itemListElement\":[{\"@type\":\"ListItem\",\"position\":1,\"name\":\"Accueil\",\"item\":\"https:\/\/video-mobile.org\/RIE2026\/\"},{\"@type\":\"ListItem\",\"position\":2,\"name\":\"A propos\"}]},{\"@type\":\"WebSite\",\"@id\":\"https:\/\/video-mobile.org\/RIE2026\/#website\",\"url\":\"https:\/\/video-mobile.org\/RIE2026\/\",\"name\":\"Rencontres de l'innovation \u00e9ditoriale 2026\",\"description\":\"Paris, 5 f\u00e9vrier 2026: pour les pros des m\u00e9dias et de la communication\",\"publisher\":{\"@id\":\"https:\/\/video-mobile.org\/RIE2026\/#organization\"},\"potentialAction\":[{\"@type\":\"SearchAction\",\"target\":{\"@type\":\"EntryPoint\",\"urlTemplate\":\"https:\/\/video-mobile.org\/RIE2026\/?s={search_term_string}\"},\"query-input\":{\"@type\":\"PropertyValueSpecification\",\"valueRequired\":true,\"valueName\":\"search_term_string\"}}],\"inLanguage\":\"fr-FR\"},{\"@type\":\"Organization\",\"@id\":\"https:\/\/video-mobile.org\/RIE2026\/#organization\",\"name\":\"Rencontres de l'innovation \u00e9ditoriale 2026\",\"url\":\"https:\/\/video-mobile.org\/RIE2026\/\",\"logo\":{\"@type\":\"ImageObject\",\"inLanguage\":\"fr-FR\",\"@id\":\"https:\/\/video-mobile.org\/RIE2026\/#\/schema\/logo\/image\/\",\"url\":\"https:\/\/video-mobile.org\/RIE2026\/wp-content\/uploads\/2025\/10\/RIE2026-logo-carre-800x800-1.png\",\"contentUrl\":\"https:\/\/video-mobile.org\/RIE2026\/wp-content\/uploads\/2025\/10\/RIE2026-logo-carre-800x800-1.png\",\"width\":800,\"height\":800,\"caption\":\"Rencontres de l'innovation \u00e9ditoriale 2026\"},\"image\":{\"@id\":\"https:\/\/video-mobile.org\/RIE2026\/#\/schema\/logo\/image\/\"}}]}<\/script>\n<!-- \/ Yoast SEO plugin. -->","yoast_head_json":{"title":"A propos - Rencontres de l&#039;innovation \u00e9ditoriale 2026","robots":{"index":"index","follow":"follow","max-snippet":"max-snippet:-1","max-image-preview":"max-image-preview:large","max-video-preview":"max-video-preview:-1"},"canonical":"https:\/\/video-mobile.org\/RIE2026\/about\/","og_locale":"fr_FR","og_type":"article","og_title":"A propos - Rencontres de l&#039;innovation \u00e9ditoriale 2026","og_description":"QUI EST DERRI\u00c8RE LES RENCONTRES DE L&rsquo;INNOVATION \u00c9DITORIALE ?L&rsquo;\u00e9v\u00e9nement est propos\u00e9 et organis\u00e9 par Samsa.fr, un organisme de formation et une soci\u00e9t\u00e9 de conseil qui accompagne les professionnel\u00b7les des m\u00e9dias, de la communication et des industries culturelles et cr\u00e9atives dans leurs transformations \u00e9ditoriales. SAMSA.FR, C&rsquo;EST QUI ?Samsa.fr a \u00e9t\u00e9 fond\u00e9 en 2010 par Philippe Couve&hellip; Lire la suite","og_url":"https:\/\/video-mobile.org\/RIE2026\/about\/","og_site_name":"Rencontres de l&#039;innovation \u00e9ditoriale 2026","article_modified_time":"2026-01-15T09:14:32+00:00","og_image":[{"width":800,"height":800,"url":"https:\/\/video-mobile.org\/RIE2026\/wp-content\/uploads\/2025\/10\/RIE2026-logo-carre-800x800-1.png","type":"image\/png"}],"twitter_card":"summary_large_image","twitter_misc":{"Dur\u00e9e de lecture estim\u00e9e":"3 minutes"},"schema":{"@context":"https:\/\/schema.org","@graph":[{"@type":"WebPage","@id":"https:\/\/video-mobile.org\/RIE2026\/about\/","url":"https:\/\/video-mobile.org\/RIE2026\/about\/","name":"A propos - Rencontres de l&#039;innovation \u00e9ditoriale 2026","isPartOf":{"@id":"https:\/\/video-mobile.org\/RIE2026\/#website"},"datePublished":"2021-11-01T11:30:50+00:00","dateModified":"2026-01-15T09:14:32+00:00","breadcrumb":{"@id":"https:\/\/video-mobile.org\/RIE2026\/about\/#breadcrumb"},"inLanguage":"fr-FR","potentialAction":[{"@type":"ReadAction","target":["https:\/\/video-mobile.org\/RIE2026\/about\/"]}]},{"@type":"BreadcrumbList","@id":"https:\/\/video-mobile.org\/RIE2026\/about\/#breadcrumb","itemListElement":[{"@type":"ListItem","position":1,"name":"Accueil","item":"https:\/\/video-mobile.org\/RIE2026\/"},{"@type":"ListItem","position":2,"name":"A propos"}]},{"@type":"WebSite","@id":"https:\/\/video-mobile.org\/RIE2026\/#website","url":"https:\/\/video-mobile.org\/RIE2026\/","name":"Rencontres de l'innovation \u00e9ditoriale 2026","description":"Paris, 5 f\u00e9vrier 2026: pour les pros des m\u00e9dias et de la communication","publisher":{"@id":"https:\/\/video-mobile.org\/RIE2026\/#organization"},"potentialAction":[{"@type":"SearchAction","target":{"@type":"EntryPoint","urlTemplate":"https:\/\/video-mobile.org\/RIE2026\/?s={search_term_string}"},"query-input":{"@type":"PropertyValueSpecification","valueRequired":true,"valueName":"search_term_string"}}],"inLanguage":"fr-FR"},{"@type":"Organization","@id":"https:\/\/video-mobile.org\/RIE2026\/#organization","name":"Rencontres de l'innovation \u00e9ditoriale 2026","url":"https:\/\/video-mobile.org\/RIE2026\/","logo":{"@type":"ImageObject","inLanguage":"fr-FR","@id":"https:\/\/video-mobile.org\/RIE2026\/#\/schema\/logo\/image\/","url":"https:\/\/video-mobile.org\/RIE2026\/wp-content\/uploads\/2025\/10\/RIE2026-logo-carre-800x800-1.png","contentUrl":"https:\/\/video-mobile.org\/RIE2026\/wp-content\/uploads\/2025\/10\/RIE2026-logo-carre-800x800-1.png","width":800,"height":800,"caption":"Rencontres de l'innovation \u00e9ditoriale 2026"},"image":{"@id":"https:\/\/video-mobile.org\/RIE2026\/#\/schema\/logo\/image\/"}}]}},"_links":{"self":[{"href":"https:\/\/video-mobile.org\/RIE2026\/wp-json\/wp\/v2\/pages\/401","targetHints":{"allow":["GET"]}}],"collection":[{"href":"https:\/\/video-mobile.org\/RIE2026\/wp-json\/wp\/v2\/pages"}],"about":[{"href":"https:\/\/video-mobile.org\/RIE2026\/wp-json\/wp\/v2\/types\/page"}],"author":[{"embeddable":true,"href":"https:\/\/video-mobile.org\/RIE2026\/wp-json\/wp\/v2\/users\/1"}],"replies":[{"embeddable":true,"href":"https:\/\/video-mobile.org\/RIE2026\/wp-json\/wp\/v2\/comments?post=401"}],"version-history":[{"count":4,"href":"https:\/\/video-mobile.org\/RIE2026\/wp-json\/wp\/v2\/pages\/401\/revisions"}],"predecessor-version":[{"id":1301,"href":"https:\/\/video-mobile.org\/RIE2026\/wp-json\/wp\/v2\/pages\/401\/revisions\/1301"}],"wp:attachment":[{"href":"https:\/\/video-mobile.org\/RIE2026\/wp-json\/wp\/v2\/media?parent=401"}],"curies":[{"name":"wp","href":"https:\/\/api.w.org\/{rel}","templated":true}]}}