{"id":553,"date":"2021-11-02T08:55:26","date_gmt":"2021-11-02T08:55:26","guid":{"rendered":"https:\/\/demo.athemes.com\/sydney-main-gb\/?page_id=553"},"modified":"2025-12-19T13:57:15","modified_gmt":"2025-12-19T12:57:15","slug":"contact","status":"publish","type":"page","link":"https:\/\/video-mobile.org\/RIE2026\/contact\/","title":{"rendered":"Contact"},"content":{"rendered":"<div  class=\"wp-block-group alignfull\" style=\"padding-top: 0; padding-right: var(--wp--preset--spacing--30); padding-bottom: 0; padding-left: var(--wp--preset--spacing--30);\"><\/div><p ><\/p>","protected":false},"excerpt":{"rendered":"","protected":false},"author":1,"featured_media":0,"parent":0,"menu_order":0,"comment_status":"closed","ping_status":"closed","template":"","meta":{"footnotes":""},"class_list":["post-553","page","type-page","status-publish","hentry"],"yoast_head":"<!-- This site is optimized with the Yoast SEO plugin v26.8 - https:\/\/yoast.com\/product\/yoast-seo-wordpress\/ -->\n<title>Contact - Rencontres de l&#039;innovation \u00e9ditoriale 2026<\/title>\n<meta name=\"robots\" content=\"index, follow, max-snippet:-1, max-image-preview:large, max-video-preview:-1\" \/>\n<link rel=\"canonical\" href=\"https:\/\/video-mobile.org\/RIE2026\/contact\/\" \/>\n<meta property=\"og:locale\" content=\"fr_FR\" \/>\n<meta property=\"og:type\" content=\"article\" \/>\n<meta property=\"og:title\" content=\"Contact - Rencontres de l&#039;innovation \u00e9ditoriale 2026\" \/>\n<meta property=\"og:url\" content=\"https:\/\/video-mobile.org\/RIE2026\/contact\/\" \/>\n<meta property=\"og:site_name\" content=\"Rencontres de l&#039;innovation \u00e9ditoriale 2026\" \/>\n<meta property=\"article:modified_time\" content=\"2025-12-19T12:57:15+00:00\" \/>\n<meta property=\"og:image\" content=\"https:\/\/video-mobile.org\/RIE2026\/wp-content\/uploads\/2025\/10\/RIE2026-logo-carre-800x800-1.png\" \/>\n\t<meta property=\"og:image:width\" content=\"800\" \/>\n\t<meta property=\"og:image:height\" content=\"800\" \/>\n\t<meta property=\"og:image:type\" content=\"image\/png\" \/>\n<meta name=\"twitter:card\" content=\"summary_large_image\" \/>\n<script type=\"application\/ld+json\" class=\"yoast-schema-graph\">{\"@context\":\"https:\/\/schema.org\",\"@graph\":[{\"@type\":\"WebPage\",\"@id\":\"https:\/\/video-mobile.org\/RIE2026\/contact\/\",\"url\":\"https:\/\/video-mobile.org\/RIE2026\/contact\/\",\"name\":\"Contact - Rencontres de l&#039;innovation \u00e9ditoriale 2026\",\"isPartOf\":{\"@id\":\"https:\/\/video-mobile.org\/RIE2026\/#website\"},\"datePublished\":\"2021-11-02T08:55:26+00:00\",\"dateModified\":\"2025-12-19T12:57:15+00:00\",\"breadcrumb\":{\"@id\":\"https:\/\/video-mobile.org\/RIE2026\/contact\/#breadcrumb\"},\"inLanguage\":\"fr-FR\",\"potentialAction\":[{\"@type\":\"ReadAction\",\"target\":[\"https:\/\/video-mobile.org\/RIE2026\/contact\/\"]}]},{\"@type\":\"BreadcrumbList\",\"@id\":\"https:\/\/video-mobile.org\/RIE2026\/contact\/#breadcrumb\",\"itemListElement\":[{\"@type\":\"ListItem\",\"position\":1,\"name\":\"Accueil\",\"item\":\"https:\/\/video-mobile.org\/RIE2026\/\"},{\"@type\":\"ListItem\",\"position\":2,\"name\":\"Contact\"}]},{\"@type\":\"WebSite\",\"@id\":\"https:\/\/video-mobile.org\/RIE2026\/#website\",\"url\":\"https:\/\/video-mobile.org\/RIE2026\/\",\"name\":\"Rencontres de l'innovation \u00e9ditoriale 2026\",\"description\":\"Paris, 5 f\u00e9vrier 2026: pour les pros des m\u00e9dias et de la communication\",\"publisher\":{\"@id\":\"https:\/\/video-mobile.org\/RIE2026\/#organization\"},\"potentialAction\":[{\"@type\":\"SearchAction\",\"target\":{\"@type\":\"EntryPoint\",\"urlTemplate\":\"https:\/\/video-mobile.org\/RIE2026\/?s={search_term_string}\"},\"query-input\":{\"@type\":\"PropertyValueSpecification\",\"valueRequired\":true,\"valueName\":\"search_term_string\"}}],\"inLanguage\":\"fr-FR\"},{\"@type\":\"Organization\",\"@id\":\"https:\/\/video-mobile.org\/RIE2026\/#organization\",\"name\":\"Rencontres de l'innovation \u00e9ditoriale 2026\",\"url\":\"https:\/\/video-mobile.org\/RIE2026\/\",\"logo\":{\"@type\":\"ImageObject\",\"inLanguage\":\"fr-FR\",\"@id\":\"https:\/\/video-mobile.org\/RIE2026\/#\/schema\/logo\/image\/\",\"url\":\"https:\/\/video-mobile.org\/RIE2026\/wp-content\/uploads\/2025\/10\/RIE2026-logo-carre-800x800-1.png\",\"contentUrl\":\"https:\/\/video-mobile.org\/RIE2026\/wp-content\/uploads\/2025\/10\/RIE2026-logo-carre-800x800-1.png\",\"width\":800,\"height\":800,\"caption\":\"Rencontres de l'innovation \u00e9ditoriale 2026\"},\"image\":{\"@id\":\"https:\/\/video-mobile.org\/RIE2026\/#\/schema\/logo\/image\/\"}}]}<\/script>\n<!-- \/ Yoast SEO plugin. -->","yoast_head_json":{"title":"Contact - Rencontres de l&#039;innovation \u00e9ditoriale 2026","robots":{"index":"index","follow":"follow","max-snippet":"max-snippet:-1","max-image-preview":"max-image-preview:large","max-video-preview":"max-video-preview:-1"},"canonical":"https:\/\/video-mobile.org\/RIE2026\/contact\/","og_locale":"fr_FR","og_type":"article","og_title":"Contact - Rencontres de l&#039;innovation \u00e9ditoriale 2026","og_url":"https:\/\/video-mobile.org\/RIE2026\/contact\/","og_site_name":"Rencontres de l&#039;innovation \u00e9ditoriale 2026","article_modified_time":"2025-12-19T12:57:15+00:00","og_image":[{"width":800,"height":800,"url":"https:\/\/video-mobile.org\/RIE2026\/wp-content\/uploads\/2025\/10\/RIE2026-logo-carre-800x800-1.png","type":"image\/png"}],"twitter_card":"summary_large_image","schema":{"@context":"https:\/\/schema.org","@graph":[{"@type":"WebPage","@id":"https:\/\/video-mobile.org\/RIE2026\/contact\/","url":"https:\/\/video-mobile.org\/RIE2026\/contact\/","name":"Contact - Rencontres de l&#039;innovation \u00e9ditoriale 2026","isPartOf":{"@id":"https:\/\/video-mobile.org\/RIE2026\/#website"},"datePublished":"2021-11-02T08:55:26+00:00","dateModified":"2025-12-19T12:57:15+00:00","breadcrumb":{"@id":"https:\/\/video-mobile.org\/RIE2026\/contact\/#breadcrumb"},"inLanguage":"fr-FR","potentialAction":[{"@type":"ReadAction","target":["https:\/\/video-mobile.org\/RIE2026\/contact\/"]}]},{"@type":"BreadcrumbList","@id":"https:\/\/video-mobile.org\/RIE2026\/contact\/#breadcrumb","itemListElement":[{"@type":"ListItem","position":1,"name":"Accueil","item":"https:\/\/video-mobile.org\/RIE2026\/"},{"@type":"ListItem","position":2,"name":"Contact"}]},{"@type":"WebSite","@id":"https:\/\/video-mobile.org\/RIE2026\/#website","url":"https:\/\/video-mobile.org\/RIE2026\/","name":"Rencontres de l'innovation \u00e9ditoriale 2026","description":"Paris, 5 f\u00e9vrier 2026: pour les pros des m\u00e9dias et de la communication","publisher":{"@id":"https:\/\/video-mobile.org\/RIE2026\/#organization"},"potentialAction":[{"@type":"SearchAction","target":{"@type":"EntryPoint","urlTemplate":"https:\/\/video-mobile.org\/RIE2026\/?s={search_term_string}"},"query-input":{"@type":"PropertyValueSpecification","valueRequired":true,"valueName":"search_term_string"}}],"inLanguage":"fr-FR"},{"@type":"Organization","@id":"https:\/\/video-mobile.org\/RIE2026\/#organization","name":"Rencontres de l'innovation \u00e9ditoriale 2026","url":"https:\/\/video-mobile.org\/RIE2026\/","logo":{"@type":"ImageObject","inLanguage":"fr-FR","@id":"https:\/\/video-mobile.org\/RIE2026\/#\/schema\/logo\/image\/","url":"https:\/\/video-mobile.org\/RIE2026\/wp-content\/uploads\/2025\/10\/RIE2026-logo-carre-800x800-1.png","contentUrl":"https:\/\/video-mobile.org\/RIE2026\/wp-content\/uploads\/2025\/10\/RIE2026-logo-carre-800x800-1.png","width":800,"height":800,"caption":"Rencontres de l'innovation \u00e9ditoriale 2026"},"image":{"@id":"https:\/\/video-mobile.org\/RIE2026\/#\/schema\/logo\/image\/"}}]}},"_links":{"self":[{"href":"https:\/\/video-mobile.org\/RIE2026\/wp-json\/wp\/v2\/pages\/553","targetHints":{"allow":["GET"]}}],"collection":[{"href":"https:\/\/video-mobile.org\/RIE2026\/wp-json\/wp\/v2\/pages"}],"about":[{"href":"https:\/\/video-mobile.org\/RIE2026\/wp-json\/wp\/v2\/types\/page"}],"author":[{"embeddable":true,"href":"https:\/\/video-mobile.org\/RIE2026\/wp-json\/wp\/v2\/users\/1"}],"replies":[{"embeddable":true,"href":"https:\/\/video-mobile.org\/RIE2026\/wp-json\/wp\/v2\/comments?post=553"}],"version-history":[{"count":4,"href":"https:\/\/video-mobile.org\/RIE2026\/wp-json\/wp\/v2\/pages\/553\/revisions"}],"predecessor-version":[{"id":1203,"href":"https:\/\/video-mobile.org\/RIE2026\/wp-json\/wp\/v2\/pages\/553\/revisions\/1203"}],"wp:attachment":[{"href":"https:\/\/video-mobile.org\/RIE2026\/wp-json\/wp\/v2\/media?parent=553"}],"curies":[{"name":"wp","href":"https:\/\/api.w.org\/{rel}","templated":true}]}}